{"id":63,"date":"2025-06-26T22:50:37","date_gmt":"2025-06-26T20:50:37","guid":{"rendered":"https:\/\/goodmarek.pl\/?page_id=63"},"modified":"2025-06-30T10:37:44","modified_gmt":"2025-06-30T08:37:44","slug":"polityka-plikow-cookie","status":"publish","type":"page","link":"https:\/\/goodmarek.pl\/?page_id=63","title":{"rendered":"Polityka Plik\u00f3w Cookie"},"content":{"rendered":"\t\t<div data-elementor-type=\"wp-page\" data-elementor-id=\"63\" class=\"elementor elementor-63\" data-elementor-post-type=\"page\">\n\t\t\t\t<div class=\"elementor-element elementor-element-2291ed7d e-flex e-con-boxed e-con e-parent\" data-id=\"2291ed7d\" data-element_type=\"container\">\n\t\t\t\t\t<div class=\"e-con-inner\">\n\t\t\t\t<div class=\"elementor-element elementor-element-20775906 elementor-widget elementor-widget-text-editor\" data-id=\"20775906\" data-element_type=\"widget\" data-widget_type=\"text-editor.default\">\n\t\t\t\t<div class=\"elementor-widget-container\">\n\t\t\t\t\t\t\t\t\t<p><\/p>\n<p>Polityka Plik\u00f3w Cookie \u2013 Good Marek Sudal<\/p>\n<p><\/p>\n<h3 class=\"wp-block-heading\">\u00a71. Co to s\u0105 pliki cookie?<\/h3>\n<p><\/p>\n<p>Cookies to niewielkie pliki tekstowe zapisywane na urz\u0105dzeniu u\u017cytkownika podczas odwiedzania naszej strony internetowej.<\/p>\n<p><\/p>\n<h3 class=\"wp-block-heading\">\u00a72. Jakie cookies stosujemy?<\/h3>\n<p><\/p>\n<ol class=\"wp-block-list\">\n<li style=\"list-style-type: none;\">\n<ol class=\"wp-block-list\"><\/ol>\n<\/li>\n<\/ol>\n<p>\u00a0<\/p>\n<ol class=\"wp-block-list\">\n<li style=\"list-style-type: none;\">\n<ol class=\"wp-block-list\">\n<li><strong>Niezb\u0119dne<\/strong> \u2013 umo\u017cliwiaj\u0105 prawid\u0142owe dzia\u0142anie strony.<\/li>\n<\/ol>\n<\/li>\n<\/ol>\n<p><\/p>\n<ol class=\"wp-block-list\">\n<li style=\"list-style-type: none;\">\n<ol class=\"wp-block-list\">\n<li><strong>Analityczne<\/strong> \u2013 s\u0142u\u017c\u0105 do analizowania ruchu na stronie (np. Google Analytics).<\/li>\n<\/ol>\n<\/li>\n<\/ol>\n<p><\/p>\n<ol class=\"wp-block-list\">\n<li style=\"list-style-type: none;\">\n<ol class=\"wp-block-list\">\n<li><strong>Marketingowe<\/strong> \u2013 umo\u017cliwiaj\u0105 personalizacj\u0119 reklam (je\u015bli stosowane).<\/li>\n<\/ol>\n<\/li>\n<\/ol>\n<p><\/p>\n<p><\/p>\n<h3 class=\"wp-block-heading\">\u00a73. Zarz\u0105dzanie plikami cookies<\/h3>\n<p><\/p>\n<ol class=\"wp-block-list\">\n<li style=\"list-style-type: none;\">\n<ol class=\"wp-block-list\"><\/ol>\n<\/li>\n<\/ol>\n<p>\u00a0<\/p>\n<ol class=\"wp-block-list\">\n<li style=\"list-style-type: none;\">\n<ol class=\"wp-block-list\">\n<li>U\u017cytkownik mo\u017ce samodzielnie zmienia\u0107 ustawienia cookies w swojej przegl\u0105darce.<\/li>\n<\/ol>\n<\/li>\n<\/ol>\n<p><\/p>\n<ol class=\"wp-block-list\">\n<li style=\"list-style-type: none;\">\n<ol class=\"wp-block-list\">\n<li>Wy\u0142\u0105czenie cookies mo\u017ce wp\u0142yn\u0105\u0107 na funkcjonowanie strony.<\/li>\n<\/ol>\n<\/li>\n<\/ol>\n<p><\/p>\n<p><\/p>\n<h3 class=\"wp-block-heading\">\u00a74. Kontakt<\/h3>\n<p><\/p>\n<p>W przypadku pyta\u0144 dotycz\u0105cych cookies prosimy o kontakt: good.marek.sudal@gmail.com<\/p>\n<p><\/p>\t\t\t\t\t\t\t\t<\/div>\n\t\t\t\t<\/div>\n\t\t\t\t\t<\/div>\n\t\t\t\t<\/div>\n\t\t\t\t<\/div>\n\t\t","protected":false},"excerpt":{"rendered":"<p>Polityka Plik\u00f3w Cookie \u2013 Good Marek Sudal \u00a71. Co to s\u0105 pliki cookie? Cookies to niewielkie pliki tekstowe zapisywane na&hellip;<\/p>\n","protected":false},"author":1,"featured_media":0,"parent":0,"menu_order":0,"comment_status":"closed","ping_status":"closed","template":"","meta":{"om_disable_all_campaigns":false,"_monsterinsights_skip_tracking":false,"_monsterinsights_sitenote_active":false,"_monsterinsights_sitenote_note":"","_monsterinsights_sitenote_category":0,"footnotes":""},"class_list":["post-63","page","type-page","status-publish","hentry"],"aioseo_notices":[],"_links":{"self":[{"href":"https:\/\/goodmarek.pl\/index.php?rest_route=\/wp\/v2\/pages\/63","targetHints":{"allow":["GET"]}}],"collection":[{"href":"https:\/\/goodmarek.pl\/index.php?rest_route=\/wp\/v2\/pages"}],"about":[{"href":"https:\/\/goodmarek.pl\/index.php?rest_route=\/wp\/v2\/types\/page"}],"author":[{"embeddable":true,"href":"https:\/\/goodmarek.pl\/index.php?rest_route=\/wp\/v2\/users\/1"}],"replies":[{"embeddable":true,"href":"https:\/\/goodmarek.pl\/index.php?rest_route=%2Fwp%2Fv2%2Fcomments&post=63"}],"version-history":[{"count":7,"href":"https:\/\/goodmarek.pl\/index.php?rest_route=\/wp\/v2\/pages\/63\/revisions"}],"predecessor-version":[{"id":461,"href":"https:\/\/goodmarek.pl\/index.php?rest_route=\/wp\/v2\/pages\/63\/revisions\/461"}],"wp:attachment":[{"href":"https:\/\/goodmarek.pl\/index.php?rest_route=%2Fwp%2Fv2%2Fmedia&parent=63"}],"curies":[{"name":"wp","href":"https:\/\/api.w.org\/{rel}","templated":true}]}}