{"id":55,"date":"2025-06-26T22:43:19","date_gmt":"2025-06-26T20:43:19","guid":{"rendered":"https:\/\/goodmarek.pl\/?page_id=55"},"modified":"2025-07-01T19:27:18","modified_gmt":"2025-07-01T17:27:18","slug":"regulamin","status":"publish","type":"page","link":"https:\/\/goodmarek.pl\/?page_id=55","title":{"rendered":"Regulamin"},"content":{"rendered":"\t\t<div data-elementor-type=\"wp-page\" data-elementor-id=\"55\" class=\"elementor elementor-55\" data-elementor-post-type=\"page\">\n\t\t\t\t<div class=\"elementor-element elementor-element-3bd747a0 e-flex e-con-boxed e-con e-parent\" data-id=\"3bd747a0\" data-element_type=\"container\">\n\t\t\t\t\t<div class=\"e-con-inner\">\n\t\t\t\t<div class=\"elementor-element elementor-element-1499581a elementor-widget elementor-widget-text-editor\" data-id=\"1499581a\" data-element_type=\"widget\" data-widget_type=\"text-editor.default\">\n\t\t\t\t<div class=\"elementor-widget-container\">\n\t\t\t\t\t\t\t\t\t<p>Regulamin \u015bwiadczenia us\u0142ug \u2013 Good Marek Sudal<\/p><h3 data-start=\"220\" data-end=\"248\">\u00a71. Postanowienia og\u00f3lne<\/h3><ol data-start=\"249\" data-end=\"709\"><li data-start=\"249\" data-end=\"513\"><p data-start=\"252\" data-end=\"513\">Niniejszy Regulamin okre\u015bla zasady korzystania z us\u0142ug gastronomicznych \u015bwiadczonych przez firm\u0119 Good Marek Sudal z siedzib\u0105 przy ul. <strong data-start=\"386\" data-end=\"423\">Sikorskiego 21, 66-200 \u015awiebodzin<\/strong>, NIP: 9271843264, REGON: 540672840, e-mail: <a href=\"mailto:good.chicken.swiebodzin@gmail.com\"><b>good.chicken.swiebodzin@gmail.com<\/b><\/a>, tel: <a href=\"tel:575110225\"><strong data-start=\"497\" data-end=\"512\">575 110 225<\/strong><\/a>.<\/p><\/li><li data-start=\"514\" data-end=\"630\"><p data-start=\"517\" data-end=\"630\">Firma prowadzi sprzeda\u017c produkt\u00f3w spo\u017cywczych z food trucka oraz za po\u015brednictwem kana\u0142\u00f3w online (je\u015bli dotyczy).<\/p><\/li><li data-start=\"631\" data-end=\"709\"><p data-start=\"634\" data-end=\"709\">Klient korzystaj\u0105cy z us\u0142ug akceptuje postanowienia niniejszego Regulaminu.<\/p><\/li><\/ol><h3 data-start=\"711\" data-end=\"757\">\u00a72. Zasady sk\u0142adania i realizacji zam\u00f3wie\u0144<\/h3><ol data-start=\"758\" data-end=\"1086\"><li data-start=\"758\" data-end=\"911\"><p data-start=\"761\" data-end=\"911\">Zam\u00f3wienia mo\u017cna sk\u0142ada\u0107 osobi\u015bcie przy food trucku lub za po\u015brednictwem dost\u0119pnych kana\u0142\u00f3w komunikacji (np. telefonicznie lub online, je\u015bli dotyczy).<\/p><\/li><li data-start=\"912\" data-end=\"983\"><p data-start=\"915\" data-end=\"983\">Ceny produkt\u00f3w s\u0105 podane w z\u0142otych polskich i zawieraj\u0105 podatek VAT.<\/p><\/li><li data-start=\"984\" data-end=\"1086\"><p data-start=\"987\" data-end=\"1086\">Czas realizacji zam\u00f3wienia mo\u017ce si\u0119 r\u00f3\u017cni\u0107 w zale\u017cno\u015bci od liczby zam\u00f3wie\u0144 i dost\u0119pno\u015bci produkt\u00f3w.<\/p><\/li><\/ol><h3 data-start=\"1088\" data-end=\"1115\">\u00a73. Reklamacje i zwroty<\/h3><ol data-start=\"1116\" data-end=\"1369\"><li data-start=\"1116\" data-end=\"1232\"><p data-start=\"1119\" data-end=\"1232\">Reklamacje dotycz\u0105ce produkt\u00f3w nale\u017cy zg\u0142asza\u0107 bezpo\u015brednio przy odbiorze lub maksymalnie do 24 godzin od zakupu.<\/p><\/li><li data-start=\"1233\" data-end=\"1311\"><p data-start=\"1236\" data-end=\"1311\">Reklamacje mo\u017cna sk\u0142ada\u0107 telefonicznie lub mailowo: <a href=\"mailto:good.chicken.swiebodzin@gmail.com\"><strong>good.chicken.swiebodzin@gmail.com<\/strong><\/a>.<\/p><\/li><li data-start=\"1312\" data-end=\"1369\"><p data-start=\"1315\" data-end=\"1369\">Reklamacje b\u0119d\u0105 rozpatrywane w ci\u0105gu 14 dni roboczych.<\/p><\/li><\/ol><h3 data-start=\"1371\" data-end=\"1403\">\u00a74. Ochrona danych osobowych<\/h3><ol data-start=\"1404\" data-end=\"1535\"><li data-start=\"1404\" data-end=\"1476\"><p data-start=\"1407\" data-end=\"1476\">Dane osobowe Klient\u00f3w s\u0105 przetwarzane zgodnie z Polityk\u0105 Prywatno\u015bci.<\/p><\/li><li data-start=\"1477\" data-end=\"1535\"><p data-start=\"1480\" data-end=\"1535\">Administratorem danych osobowych jest Good Marek Sudal.<\/p><\/li><\/ol><h3 data-start=\"1537\" data-end=\"1566\">\u00a75. Postanowienia ko\u0144cowe<\/h3><ol data-start=\"1567\" data-end=\"1721\"><li data-start=\"1567\" data-end=\"1621\"><p data-start=\"1570\" data-end=\"1621\">Firma zastrzega sobie prawo do zmian w Regulaminie.<\/p><\/li><li data-start=\"1622\" data-end=\"1721\"><p data-start=\"1625\" data-end=\"1721\">Aktualna wersja Regulaminu jest zawsze dost\u0119pna na stronie internetowej lub w punkcie sprzeda\u017cy.<\/p><\/li><\/ol><p><!-- \/wp:list-item --><\/p><p><!-- \/wp:list --><\/p>\t\t\t\t\t\t\t\t<\/div>\n\t\t\t\t<\/div>\n\t\t\t\t\t<\/div>\n\t\t\t\t<\/div>\n\t\t\t\t<\/div>\n\t\t","protected":false},"excerpt":{"rendered":"<p>Regulamin \u015bwiadczenia us\u0142ug \u2013 Good Marek Sudal \u00a71. Postanowienia og\u00f3lne Niniejszy Regulamin okre\u015bla zasady korzystania z us\u0142ug gastronomicznych \u015bwiadczonych przez&hellip;<\/p>\n","protected":false},"author":1,"featured_media":0,"parent":0,"menu_order":0,"comment_status":"closed","ping_status":"closed","template":"","meta":{"om_disable_all_campaigns":false,"_monsterinsights_skip_tracking":false,"_monsterinsights_sitenote_active":false,"_monsterinsights_sitenote_note":"","_monsterinsights_sitenote_category":0,"footnotes":""},"class_list":["post-55","page","type-page","status-publish","hentry"],"aioseo_notices":[],"_links":{"self":[{"href":"https:\/\/goodmarek.pl\/index.php?rest_route=\/wp\/v2\/pages\/55","targetHints":{"allow":["GET"]}}],"collection":[{"href":"https:\/\/goodmarek.pl\/index.php?rest_route=\/wp\/v2\/pages"}],"about":[{"href":"https:\/\/goodmarek.pl\/index.php?rest_route=\/wp\/v2\/types\/page"}],"author":[{"embeddable":true,"href":"https:\/\/goodmarek.pl\/index.php?rest_route=\/wp\/v2\/users\/1"}],"replies":[{"embeddable":true,"href":"https:\/\/goodmarek.pl\/index.php?rest_route=%2Fwp%2Fv2%2Fcomments&post=55"}],"version-history":[{"count":7,"href":"https:\/\/goodmarek.pl\/index.php?rest_route=\/wp\/v2\/pages\/55\/revisions"}],"predecessor-version":[{"id":469,"href":"https:\/\/goodmarek.pl\/index.php?rest_route=\/wp\/v2\/pages\/55\/revisions\/469"}],"wp:attachment":[{"href":"https:\/\/goodmarek.pl\/index.php?rest_route=%2Fwp%2Fv2%2Fmedia&parent=55"}],"curies":[{"name":"wp","href":"https:\/\/api.w.org\/{rel}","templated":true}]}}