{"id":23,"date":"2025-06-26T22:08:37","date_gmt":"2025-06-26T20:08:37","guid":{"rendered":"https:\/\/goodmarek.pl\/?page_id=23"},"modified":"2025-06-30T10:37:40","modified_gmt":"2025-06-30T08:37:40","slug":"about","status":"publish","type":"page","link":"https:\/\/goodmarek.pl\/?page_id=23","title":{"rendered":"O NAS"},"content":{"rendered":"\t\t<div data-elementor-type=\"wp-page\" data-elementor-id=\"23\" class=\"elementor elementor-23\" data-elementor-post-type=\"page\">\n\t\t\t\t<div class=\"elementor-element elementor-element-7d4dc2fa e-flex e-con-boxed e-con e-parent\" data-id=\"7d4dc2fa\" data-element_type=\"container\">\n\t\t\t\t\t<div class=\"e-con-inner\">\n\t\t\t\t<div class=\"elementor-element elementor-element-32d35a5d elementor-widget elementor-widget-text-editor\" data-id=\"32d35a5d\" data-element_type=\"widget\" data-widget_type=\"text-editor.default\">\n\t\t\t\t<div class=\"elementor-widget-container\">\n\t\t\t\t\t\t\t\t\t<p>Firma\u00a0<strong><span class=\"hiddenSpellError\">GOOD<\/span><\/strong> powsta\u0142a w 2025 roku. Nasz pierwszy punkt powsta\u0142 w \u015awiebodzinie na ul. Genera\u0142a Sikorskiego <span class=\"hiddenSpellError\">21A<\/span>\u00a0ko\u0142o Lidla. Ka\u017cdego dnia dok\u0142adamy wszelkich\u00a0stara\u0144, aby\u00a0sprosta\u0107 oczekiwaniom naszych go\u015bci,a My\u00a0czekamy na wasz\u0105 wizyt\u0119.<\/p>\n<p><img fetchpriority=\"high\" decoding=\"async\" class=\"alignnone size-full wp-image-154\" src=\"https:\/\/goodmarek.pl\/wp-content\/uploads\/2025\/06\/1000035741.jpg\" alt=\"\" width=\"1600\" height=\"1200\" srcset=\"https:\/\/goodmarek.pl\/wp-content\/uploads\/2025\/06\/1000035741.jpg 1600w, https:\/\/goodmarek.pl\/wp-content\/uploads\/2025\/06\/1000035741-300x225.jpg 300w, https:\/\/goodmarek.pl\/wp-content\/uploads\/2025\/06\/1000035741-1024x768.jpg 1024w, https:\/\/goodmarek.pl\/wp-content\/uploads\/2025\/06\/1000035741-768x576.jpg 768w, https:\/\/goodmarek.pl\/wp-content\/uploads\/2025\/06\/1000035741-1536x1152.jpg 1536w\" sizes=\"(max-width: 1600px) 100vw, 1600px\" \/><\/p>\t\t\t\t\t\t\t\t<\/div>\n\t\t\t\t<\/div>\n\t\t\t\t\t<\/div>\n\t\t\t\t<\/div>\n\t\t\t\t<\/div>\n\t\t","protected":false},"excerpt":{"rendered":"<p>Firma\u00a0GOOD powsta\u0142a w 2025 roku. Nasz pierwszy punkt powsta\u0142 w \u015awiebodzinie na ul. Genera\u0142a Sikorskiego 21A\u00a0ko\u0142o Lidla. Ka\u017cdego dnia dok\u0142adamy&hellip;<\/p>\n","protected":false},"author":1,"featured_media":0,"parent":0,"menu_order":0,"comment_status":"closed","ping_status":"closed","template":"","meta":{"om_disable_all_campaigns":false,"_monsterinsights_skip_tracking":false,"_monsterinsights_sitenote_active":false,"_monsterinsights_sitenote_note":"","_monsterinsights_sitenote_category":0,"footnotes":""},"class_list":["post-23","page","type-page","status-publish","hentry"],"aioseo_notices":[],"_links":{"self":[{"href":"https:\/\/goodmarek.pl\/index.php?rest_route=\/wp\/v2\/pages\/23","targetHints":{"allow":["GET"]}}],"collection":[{"href":"https:\/\/goodmarek.pl\/index.php?rest_route=\/wp\/v2\/pages"}],"about":[{"href":"https:\/\/goodmarek.pl\/index.php?rest_route=\/wp\/v2\/types\/page"}],"author":[{"embeddable":true,"href":"https:\/\/goodmarek.pl\/index.php?rest_route=\/wp\/v2\/users\/1"}],"replies":[{"embeddable":true,"href":"https:\/\/goodmarek.pl\/index.php?rest_route=%2Fwp%2Fv2%2Fcomments&post=23"}],"version-history":[{"count":12,"href":"https:\/\/goodmarek.pl\/index.php?rest_route=\/wp\/v2\/pages\/23\/revisions"}],"predecessor-version":[{"id":458,"href":"https:\/\/goodmarek.pl\/index.php?rest_route=\/wp\/v2\/pages\/23\/revisions\/458"}],"wp:attachment":[{"href":"https:\/\/goodmarek.pl\/index.php?rest_route=%2Fwp%2Fv2%2Fmedia&parent=23"}],"curies":[{"name":"wp","href":"https:\/\/api.w.org\/{rel}","templated":true}]}}