{"id":22,"date":"2025-06-26T22:08:37","date_gmt":"2025-06-26T20:08:37","guid":{"rendered":"https:\/\/goodmarek.pl\/?page_id=22"},"modified":"2025-12-29T21:22:23","modified_gmt":"2025-12-29T20:22:23","slug":"home","status":"publish","type":"page","link":"https:\/\/goodmarek.pl\/","title":{"rendered":"HOME"},"content":{"rendered":"\t\t<div data-elementor-type=\"wp-page\" data-elementor-id=\"22\" class=\"elementor elementor-22\" data-elementor-post-type=\"page\">\n\t\t\t\t<div class=\"elementor-element elementor-element-b94028d e-flex e-con-boxed e-con e-parent\" data-id=\"b94028d\" data-element_type=\"container\">\n\t\t\t\t\t<div class=\"e-con-inner\">\n\t\t\t\t<div class=\"elementor-element elementor-element-30a3deb elementor-widget elementor-widget-text-editor\" data-id=\"30a3deb\" data-element_type=\"widget\" data-widget_type=\"text-editor.default\">\n\t\t\t\t<div class=\"elementor-widget-container\">\n\t\t\t\t\t\t\t\t\t<div><img fetchpriority=\"high\" decoding=\"async\" class=\"aligncenter wp-image-128 size-full\" src=\"https:\/\/goodmarek.pl\/wp-content\/uploads\/2025\/06\/3333449-scaled.jpg\" alt=\"dostawa\" width=\"2560\" height=\"1707\" srcset=\"https:\/\/goodmarek.pl\/wp-content\/uploads\/2025\/06\/3333449-scaled.jpg 2560w, https:\/\/goodmarek.pl\/wp-content\/uploads\/2025\/06\/3333449-300x200.jpg 300w, https:\/\/goodmarek.pl\/wp-content\/uploads\/2025\/06\/3333449-1024x683.jpg 1024w, https:\/\/goodmarek.pl\/wp-content\/uploads\/2025\/06\/3333449-768x512.jpg 768w, https:\/\/goodmarek.pl\/wp-content\/uploads\/2025\/06\/3333449-1536x1024.jpg 1536w, https:\/\/goodmarek.pl\/wp-content\/uploads\/2025\/06\/3333449-2048x1365.jpg 2048w\" sizes=\"(max-width: 2560px) 100vw, 2560px\" \/><\/div>\n<div>Dow\u00f3z na terenie \u015awiebodzin &#8211; <b>5 z\u0142, <\/b>poza \u015awiebodzinem ka\u017cdy kilometr p\u0142atny dodatkowo 1 z\u0142<\/div>\n<div>powy\u017cej 100 z\u0142 <strong>GRATIS<\/strong><\/div>\t\t\t\t\t\t\t\t<\/div>\n\t\t\t\t<\/div>\n\t\t\t\t<div class=\"elementor-element elementor-element-6875070 elementor-widget-divider--view-line elementor-widget elementor-widget-divider\" data-id=\"6875070\" data-element_type=\"widget\" data-widget_type=\"divider.default\">\n\t\t\t\t<div class=\"elementor-widget-container\">\n\t\t\t\t\t\t\t<div class=\"elementor-divider\">\n\t\t\t<span class=\"elementor-divider-separator\">\n\t\t\t\t\t\t<\/span>\n\t\t<\/div>\n\t\t\t\t\t\t<\/div>\n\t\t\t\t<\/div>\n\t\t\t\t<div class=\"elementor-element elementor-element-053291f elementor-widget elementor-widget-text-editor\" data-id=\"053291f\" data-element_type=\"widget\" data-widget_type=\"text-editor.default\">\n\t\t\t\t<div class=\"elementor-widget-container\">\n\t\t\t\t\t\t\t\t\t<div><div>Dowozimy powy\u017cej\u00a0<span style=\"font-weight: bolder;\">50 z\u0142<\/span><\/div><p><img decoding=\"async\" class=\"alignnone wp-image-102\" src=\"https:\/\/goodmarek.pl\/wp-content\/uploads\/2025\/06\/google-309740_960_720.webp\" alt=\"\" width=\"19\" height=\"30\" srcset=\"https:\/\/goodmarek.pl\/wp-content\/uploads\/2025\/06\/google-309740_960_720.webp 445w, https:\/\/goodmarek.pl\/wp-content\/uploads\/2025\/06\/google-309740_960_720-185x300.webp 185w\" sizes=\"(max-width: 19px) 100vw, 19px\" \/>\u00a0<span style=\"font-weight: bolder;\">Lubog\u00f3ra, Kupienino, Wity\u0144, Roz\u0142ogi, Wilkowo, Chociule, Rzeczyca, Rusin\u00f3w, Rudgorzewice<\/span><\/p><h2 style=\"font-family: 'Bebas Neue', serif;\">10z\u0142<\/h2><div><span style=\"font-weight: bolder;\"><img decoding=\"async\" class=\"alignnone wp-image-102\" src=\"https:\/\/goodmarek.pl\/wp-content\/uploads\/2025\/06\/google-309740_960_720.webp\" alt=\"\" width=\"19\" height=\"30\" srcset=\"https:\/\/goodmarek.pl\/wp-content\/uploads\/2025\/06\/google-309740_960_720.webp 445w, https:\/\/goodmarek.pl\/wp-content\/uploads\/2025\/06\/google-309740_960_720-185x300.webp 185w\" sizes=\"(max-width: 19px) 100vw, 19px\" \/>\u00a0Jordanowo, Radoszyn, Bor\u00f3w, Sk\u0105pe, O\u0142obok, Cib\u00f3rz, \u0141\u0105kie, Rosin, Mostki, Niesulice, Jeziory, Tyczyno, Gli\u0144sk, Prze\u0142azy, Osog\u00f3ra<\/span><\/div><h2 style=\"font-family: 'Bebas Neue', serif;\">15 z\u0142<\/h2><\/div>\t\t\t\t\t\t\t\t<\/div>\n\t\t\t\t<\/div>\n\t\t\t\t\t<\/div>\n\t\t\t\t<\/div>\n\t\t<div class=\"elementor-element elementor-element-635b0cf e-grid e-con-boxed e-con e-parent\" data-id=\"635b0cf\" data-element_type=\"container\">\n\t\t\t\t\t<div class=\"e-con-inner\">\n\t\t\t\t<div class=\"elementor-element elementor-element-d6a3df5 elementor-widget elementor-widget-image\" data-id=\"d6a3df5\" data-element_type=\"widget\" data-widget_type=\"image.default\">\n\t\t\t\t<div class=\"elementor-widget-container\">\n\t\t\t\t\t\t\t\t\t\t\t\t<figure class=\"wp-caption\">\n\t\t\t\t\t\t\t\t\t\t\t<a href=\"https:\/\/goodmarek.pl\/wp-content\/uploads\/2025\/06\/1000005252.png\" data-elementor-open-lightbox=\"yes\" data-elementor-lightbox-title=\"1000005252\" data-e-action-hash=\"#elementor-action%3Aaction%3Dlightbox%26settings%3DeyJpZCI6MTcwLCJ1cmwiOiJodHRwczpcL1wvZ29vZG1hcmVrLnBsXC93cC1jb250ZW50XC91cGxvYWRzXC8yMDI1XC8wNlwvMTAwMDAwNTI1Mi5wbmcifQ%3D%3D\">\n\t\t\t\t\t\t\t<img decoding=\"async\" width=\"1080\" height=\"1080\" src=\"https:\/\/goodmarek.pl\/wp-content\/uploads\/2025\/06\/1000005252.png\" class=\"attachment-full size-full wp-image-170\" alt=\"\" srcset=\"https:\/\/goodmarek.pl\/wp-content\/uploads\/2025\/06\/1000005252.png 1080w, https:\/\/goodmarek.pl\/wp-content\/uploads\/2025\/06\/1000005252-300x300.png 300w, https:\/\/goodmarek.pl\/wp-content\/uploads\/2025\/06\/1000005252-1024x1024.png 1024w, https:\/\/goodmarek.pl\/wp-content\/uploads\/2025\/06\/1000005252-150x150.png 150w, https:\/\/goodmarek.pl\/wp-content\/uploads\/2025\/06\/1000005252-768x768.png 768w\" sizes=\"(max-width: 1080px) 100vw, 1080px\" \/>\t\t\t\t\t\t\t\t<\/a>\n\t\t\t\t\t\t\t\t\t\t\t<figcaption class=\"widget-image-caption wp-caption-text\"><\/figcaption>\n\t\t\t\t\t\t\t\t\t\t<\/figure>\n\t\t\t\t\t\t\t\t\t<\/div>\n\t\t\t\t<\/div>\n\t\t\t\t<div class=\"elementor-element elementor-element-339b5c7 elementor-widget elementor-widget-image\" data-id=\"339b5c7\" data-element_type=\"widget\" data-widget_type=\"image.default\">\n\t\t\t\t<div class=\"elementor-widget-container\">\n\t\t\t\t\t\t\t\t\t\t\t\t<figure class=\"wp-caption\">\n\t\t\t\t\t\t\t\t\t\t\t<a href=\"https:\/\/goodmarek.pl\/wp-content\/uploads\/2025\/06\/1000005253.png\" data-elementor-open-lightbox=\"yes\" data-elementor-lightbox-title=\"1000005253\" data-e-action-hash=\"#elementor-action%3Aaction%3Dlightbox%26settings%3DeyJpZCI6MTcxLCJ1cmwiOiJodHRwczpcL1wvZ29vZG1hcmVrLnBsXC93cC1jb250ZW50XC91cGxvYWRzXC8yMDI1XC8wNlwvMTAwMDAwNTI1My5wbmcifQ%3D%3D\">\n\t\t\t\t\t\t\t<img loading=\"lazy\" decoding=\"async\" width=\"1080\" height=\"1080\" src=\"https:\/\/goodmarek.pl\/wp-content\/uploads\/2025\/06\/1000005253.png\" class=\"attachment-full size-full wp-image-171\" alt=\"\" srcset=\"https:\/\/goodmarek.pl\/wp-content\/uploads\/2025\/06\/1000005253.png 1080w, https:\/\/goodmarek.pl\/wp-content\/uploads\/2025\/06\/1000005253-300x300.png 300w, https:\/\/goodmarek.pl\/wp-content\/uploads\/2025\/06\/1000005253-1024x1024.png 1024w, https:\/\/goodmarek.pl\/wp-content\/uploads\/2025\/06\/1000005253-150x150.png 150w, https:\/\/goodmarek.pl\/wp-content\/uploads\/2025\/06\/1000005253-768x768.png 768w\" sizes=\"(max-width: 1080px) 100vw, 1080px\" \/>\t\t\t\t\t\t\t\t<\/a>\n\t\t\t\t\t\t\t\t\t\t\t<figcaption class=\"widget-image-caption wp-caption-text\"><\/figcaption>\n\t\t\t\t\t\t\t\t\t\t<\/figure>\n\t\t\t\t\t\t\t\t\t<\/div>\n\t\t\t\t<\/div>\n\t\t\t\t<div class=\"elementor-element elementor-element-e12d20b elementor-widget elementor-widget-image\" data-id=\"e12d20b\" data-element_type=\"widget\" data-widget_type=\"image.default\">\n\t\t\t\t<div class=\"elementor-widget-container\">\n\t\t\t\t\t\t\t\t\t\t\t\t<figure class=\"wp-caption\">\n\t\t\t\t\t\t\t\t\t\t\t<a href=\"https:\/\/goodmarek.pl\/wp-content\/uploads\/2025\/06\/1000005254.png\" data-elementor-open-lightbox=\"yes\" data-elementor-lightbox-title=\"1000005254\" data-e-action-hash=\"#elementor-action%3Aaction%3Dlightbox%26settings%3DeyJpZCI6MTcyLCJ1cmwiOiJodHRwczpcL1wvZ29vZG1hcmVrLnBsXC93cC1jb250ZW50XC91cGxvYWRzXC8yMDI1XC8wNlwvMTAwMDAwNTI1NC5wbmcifQ%3D%3D\">\n\t\t\t\t\t\t\t<img loading=\"lazy\" decoding=\"async\" width=\"1080\" height=\"1080\" src=\"https:\/\/goodmarek.pl\/wp-content\/uploads\/2025\/06\/1000005254.png\" class=\"attachment-full size-full wp-image-172\" alt=\"\" srcset=\"https:\/\/goodmarek.pl\/wp-content\/uploads\/2025\/06\/1000005254.png 1080w, https:\/\/goodmarek.pl\/wp-content\/uploads\/2025\/06\/1000005254-300x300.png 300w, https:\/\/goodmarek.pl\/wp-content\/uploads\/2025\/06\/1000005254-1024x1024.png 1024w, https:\/\/goodmarek.pl\/wp-content\/uploads\/2025\/06\/1000005254-150x150.png 150w, https:\/\/goodmarek.pl\/wp-content\/uploads\/2025\/06\/1000005254-768x768.png 768w\" sizes=\"(max-width: 1080px) 100vw, 1080px\" \/>\t\t\t\t\t\t\t\t<\/a>\n\t\t\t\t\t\t\t\t\t\t\t<figcaption class=\"widget-image-caption wp-caption-text\"><\/figcaption>\n\t\t\t\t\t\t\t\t\t\t<\/figure>\n\t\t\t\t\t\t\t\t\t<\/div>\n\t\t\t\t<\/div>\n\t\t\t\t<div class=\"elementor-element elementor-element-2fcbd5f elementor-widget elementor-widget-image\" data-id=\"2fcbd5f\" data-element_type=\"widget\" data-widget_type=\"image.default\">\n\t\t\t\t<div class=\"elementor-widget-container\">\n\t\t\t\t\t\t\t\t\t\t\t\t<figure class=\"wp-caption\">\n\t\t\t\t\t\t\t\t\t\t\t<a href=\"https:\/\/goodmarek.pl\/wp-content\/uploads\/2025\/06\/1000005255.png\" data-elementor-open-lightbox=\"yes\" data-elementor-lightbox-title=\"1000005255\" data-e-action-hash=\"#elementor-action%3Aaction%3Dlightbox%26settings%3DeyJpZCI6MTczLCJ1cmwiOiJodHRwczpcL1wvZ29vZG1hcmVrLnBsXC93cC1jb250ZW50XC91cGxvYWRzXC8yMDI1XC8wNlwvMTAwMDAwNTI1NS5wbmcifQ%3D%3D\">\n\t\t\t\t\t\t\t<img loading=\"lazy\" decoding=\"async\" width=\"1080\" height=\"1080\" src=\"https:\/\/goodmarek.pl\/wp-content\/uploads\/2025\/06\/1000005255.png\" class=\"attachment-full size-full wp-image-173\" alt=\"\" srcset=\"https:\/\/goodmarek.pl\/wp-content\/uploads\/2025\/06\/1000005255.png 1080w, https:\/\/goodmarek.pl\/wp-content\/uploads\/2025\/06\/1000005255-300x300.png 300w, https:\/\/goodmarek.pl\/wp-content\/uploads\/2025\/06\/1000005255-1024x1024.png 1024w, https:\/\/goodmarek.pl\/wp-content\/uploads\/2025\/06\/1000005255-150x150.png 150w, https:\/\/goodmarek.pl\/wp-content\/uploads\/2025\/06\/1000005255-768x768.png 768w\" sizes=\"(max-width: 1080px) 100vw, 1080px\" \/>\t\t\t\t\t\t\t\t<\/a>\n\t\t\t\t\t\t\t\t\t\t\t<figcaption class=\"widget-image-caption wp-caption-text\"><\/figcaption>\n\t\t\t\t\t\t\t\t\t\t<\/figure>\n\t\t\t\t\t\t\t\t\t<\/div>\n\t\t\t\t<\/div>\n\t\t\t\t<div class=\"elementor-element elementor-element-297079f elementor-widget elementor-widget-image\" data-id=\"297079f\" data-element_type=\"widget\" data-widget_type=\"image.default\">\n\t\t\t\t<div class=\"elementor-widget-container\">\n\t\t\t\t\t\t\t\t\t\t\t\t<figure class=\"wp-caption\">\n\t\t\t\t\t\t\t\t\t\t\t<a href=\"https:\/\/goodmarek.pl\/wp-content\/uploads\/2025\/06\/1000035740.jpg\" data-elementor-open-lightbox=\"yes\" data-elementor-lightbox-title=\"1000035740\" data-e-action-hash=\"#elementor-action%3Aaction%3Dlightbox%26settings%3DeyJpZCI6MTc0LCJ1cmwiOiJodHRwczpcL1wvZ29vZG1hcmVrLnBsXC93cC1jb250ZW50XC91cGxvYWRzXC8yMDI1XC8wNlwvMTAwMDAzNTc0MC5qcGcifQ%3D%3D\">\n\t\t\t\t\t\t\t<img loading=\"lazy\" decoding=\"async\" width=\"1200\" height=\"1600\" src=\"https:\/\/goodmarek.pl\/wp-content\/uploads\/2025\/06\/1000035740.jpg\" class=\"attachment-full size-full wp-image-174\" alt=\"\" srcset=\"https:\/\/goodmarek.pl\/wp-content\/uploads\/2025\/06\/1000035740.jpg 1200w, https:\/\/goodmarek.pl\/wp-content\/uploads\/2025\/06\/1000035740-225x300.jpg 225w, https:\/\/goodmarek.pl\/wp-content\/uploads\/2025\/06\/1000035740-768x1024.jpg 768w, https:\/\/goodmarek.pl\/wp-content\/uploads\/2025\/06\/1000035740-1152x1536.jpg 1152w\" sizes=\"(max-width: 1200px) 100vw, 1200px\" \/>\t\t\t\t\t\t\t\t<\/a>\n\t\t\t\t\t\t\t\t\t\t\t<figcaption class=\"widget-image-caption wp-caption-text\"><\/figcaption>\n\t\t\t\t\t\t\t\t\t\t<\/figure>\n\t\t\t\t\t\t\t\t\t<\/div>\n\t\t\t\t<\/div>\n\t\t\t\t<div class=\"elementor-element elementor-element-6e819c6 elementor-widget elementor-widget-image\" data-id=\"6e819c6\" data-element_type=\"widget\" data-widget_type=\"image.default\">\n\t\t\t\t<div class=\"elementor-widget-container\">\n\t\t\t\t\t\t\t\t\t\t\t\t<figure class=\"wp-caption\">\n\t\t\t\t\t\t\t\t\t\t\t<a href=\"https:\/\/goodmarek.pl\/wp-content\/uploads\/2025\/06\/1000035743.jpg\" data-elementor-open-lightbox=\"yes\" data-elementor-lightbox-title=\"1000035743\" data-e-action-hash=\"#elementor-action%3Aaction%3Dlightbox%26settings%3DeyJpZCI6MTc1LCJ1cmwiOiJodHRwczpcL1wvZ29vZG1hcmVrLnBsXC93cC1jb250ZW50XC91cGxvYWRzXC8yMDI1XC8wNlwvMTAwMDAzNTc0My5qcGcifQ%3D%3D\">\n\t\t\t\t\t\t\t<img loading=\"lazy\" decoding=\"async\" width=\"848\" height=\"1131\" src=\"https:\/\/goodmarek.pl\/wp-content\/uploads\/2025\/06\/1000035743.jpg\" class=\"attachment-full size-full wp-image-175\" alt=\"\" srcset=\"https:\/\/goodmarek.pl\/wp-content\/uploads\/2025\/06\/1000035743.jpg 848w, https:\/\/goodmarek.pl\/wp-content\/uploads\/2025\/06\/1000035743-225x300.jpg 225w, https:\/\/goodmarek.pl\/wp-content\/uploads\/2025\/06\/1000035743-768x1024.jpg 768w\" sizes=\"(max-width: 848px) 100vw, 848px\" \/>\t\t\t\t\t\t\t\t<\/a>\n\t\t\t\t\t\t\t\t\t\t\t<figcaption class=\"widget-image-caption wp-caption-text\"><\/figcaption>\n\t\t\t\t\t\t\t\t\t\t<\/figure>\n\t\t\t\t\t\t\t\t\t<\/div>\n\t\t\t\t<\/div>\n\t\t\t\t\t<\/div>\n\t\t\t\t<\/div>\n\t\t\t\t<\/div>\n\t\t","protected":false},"excerpt":{"rendered":"<p>Dow\u00f3z na terenie \u015awiebodzin &#8211; 5 z\u0142, poza \u015awiebodzinem ka\u017cdy kilometr p\u0142atny dodatkowo 1 z\u0142 powy\u017cej 100 z\u0142 GRATIS Dowozimy&hellip;<\/p>\n","protected":false},"author":1,"featured_media":0,"parent":0,"menu_order":0,"comment_status":"closed","ping_status":"closed","template":"","meta":{"om_disable_all_campaigns":false,"_monsterinsights_skip_tracking":false,"_monsterinsights_sitenote_active":false,"_monsterinsights_sitenote_note":"","_monsterinsights_sitenote_category":0,"footnotes":""},"class_list":["post-22","page","type-page","status-publish","hentry"],"aioseo_notices":[],"_links":{"self":[{"href":"https:\/\/goodmarek.pl\/index.php?rest_route=\/wp\/v2\/pages\/22","targetHints":{"allow":["GET"]}}],"collection":[{"href":"https:\/\/goodmarek.pl\/index.php?rest_route=\/wp\/v2\/pages"}],"about":[{"href":"https:\/\/goodmarek.pl\/index.php?rest_route=\/wp\/v2\/types\/page"}],"author":[{"embeddable":true,"href":"https:\/\/goodmarek.pl\/index.php?rest_route=\/wp\/v2\/users\/1"}],"replies":[{"embeddable":true,"href":"https:\/\/goodmarek.pl\/index.php?rest_route=%2Fwp%2Fv2%2Fcomments&post=22"}],"version-history":[{"count":84,"href":"https:\/\/goodmarek.pl\/index.php?rest_route=\/wp\/v2\/pages\/22\/revisions"}],"predecessor-version":[{"id":510,"href":"https:\/\/goodmarek.pl\/index.php?rest_route=\/wp\/v2\/pages\/22\/revisions\/510"}],"wp:attachment":[{"href":"https:\/\/goodmarek.pl\/index.php?rest_route=%2Fwp%2Fv2%2Fmedia&parent=22"}],"curies":[{"name":"wp","href":"https:\/\/api.w.org\/{rel}","templated":true}]}}